{"id":89752,"date":"2020-04-30T13:09:15","date_gmt":"2020-04-30T13:09:15","guid":{"rendered":"https:\/\/wandelplan.com\/about-us\/contact\/"},"modified":"2025-11-24T20:15:51","modified_gmt":"2025-11-24T20:15:51","slug":"contact","status":"publish","type":"page","link":"https:\/\/wandelplan.com\/en\/about-us\/contact\/","title":{"rendered":"Contact"},"content":{"rendered":"<div class=\"wpb-content-wrapper\"><p>[vc_row row_height_percent=&#8221;40&#8243; override_padding=&#8221;yes&#8221; h_padding=&#8221;3&#8243; top_padding=&#8221;4&#8243; bottom_padding=&#8221;4&#8243; back_color=&#8221;color-401673&#8243; back_image=&#8221;83883&#8243; parallax=&#8221;yes&#8221; kburns=&#8221;zoom&#8221; overlay_color=&#8221;color-401673&#8243; overlay_alpha=&#8221;80&#8243; gutter_size=&#8221;3&#8243; column_width_percent=&#8221;100&#8243; shift_y=&#8221;0&#8243; z_index=&#8221;0&#8243;][vc_column column_width_use_pixel=&#8221;yes&#8221; align_horizontal=&#8221;align_center&#8221; gutter_size=&#8221;2&#8243; style=&#8221;dark&#8221; overlay_alpha=&#8221;50&#8243; shift_x=&#8221;0&#8243; shift_y=&#8221;-1&#8243; shift_y_down=&#8221;0&#8243; z_index=&#8221;0&#8243; medium_width=&#8221;0&#8243; mobile_width=&#8221;0&#8243; css_animation=&#8221;zoom-out&#8221; width=&#8221;1\/1&#8243; column_width_pixel=&#8221;800&#8243;][vc_custom_heading text_color=&#8221;color-156852&#8243; text_size=&#8221;h5&#8243; text_transform=&#8221;uppercase&#8221;]Contact[\/vc_custom_heading][vc_separator sep_color=&#8221;color-156852&#8243; el_height=&#8221;1px&#8221;][vc_custom_heading text_color=&#8221;color-156852&#8243; heading_semantic=&#8221;h1&#8243; text_size=&#8221;h1&#8243; uncode_shortcode_id=&#8221;915707&#8243; text_color_type=&#8221;uncode-palette&#8221;]We are happy![\/vc_custom_heading][\/vc_column][\/vc_row][vc_row row_height_percent=&#8221;0&#8243; override_padding=&#8221;yes&#8221; h_padding=&#8221;2&#8243; top_padding=&#8221;3&#8243; bottom_padding=&#8221;3&#8243; back_color=&#8221;color-181418&#8243; overlay_alpha=&#8221;50&#8243; gutter_size=&#8221;3&#8243; column_width_percent=&#8221;100&#8243; shift_y=&#8221;0&#8243; z_index=&#8221;0&#8243; top_divider=&#8221;gradient&#8221;][vc_column column_width_percent=&#8221;100&#8243; gutter_size=&#8221;0&#8243; overlay_alpha=&#8221;50&#8243; shift_x=&#8221;0&#8243; shift_y=&#8221;0&#8243; shift_y_down=&#8221;0&#8243; z_index=&#8221;0&#8243; medium_width=&#8221;0&#8243; mobile_width=&#8221;0&#8243; width=&#8221;1\/2&#8243;][vc_custom_heading text_color=&#8221;color-156852&#8243; text_size=&#8221;h3&#8243; uncode_shortcode_id=&#8221;111725&#8243; text_color_type=&#8221;uncode-palette&#8221;]WANDELPLAN GmbH[\/vc_custom_heading][vc_empty_space empty_h=&#8221;1&#8243;][uncode_list icon=&#8221;fa fa-home2&#8243; icon_color=&#8221;color-156852&#8243; uncode_shortcode_id=&#8221;600985&#8243; icon_color_type=&#8221;uncode-palette&#8221;]<\/p>\n<ul>\n<li><span style=\"color: #002538;\">Burgstra\u00dfe 3, 63755 Alzenau, Germany<br \/>\n<\/span><\/li>\n<\/ul>\n<p>[\/uncode_list][uncode_list icon=&#8221;fa fa-envelope&#8221; icon_color=&#8221;color-156852&#8243;]<\/p>\n<ul>\n<li><span style=\"color: #002538;\"><a style=\"color: #002538;\" href=\"mailto:hello@wandelplan.com\"><span style=\"text-decoration: underline;\">hello@wandelplan.com<\/span><\/a><\/span><\/li>\n<\/ul>\n<p>[\/uncode_list][uncode_list icon=&#8221;fa fa-phone&#8221; icon_color=&#8221;color-156852&#8243; uncode_shortcode_id=&#8221;177857&#8243; icon_color_type=&#8221;uncode-palette&#8221;]<\/p>\n<ul>\n<li><span style=\"color: #002538;\">+49-(0)6023 9189494<\/span><\/li>\n<\/ul>\n<p>[\/uncode_list][vc_empty_space empty_h=&#8221;2&#8243;][vc_separator sep_color=&#8221;color-156852&#8243;][vc_empty_space empty_h=&#8221;2&#8243;][vc_custom_heading text_color=&#8221;color-156852&#8243; text_size=&#8221;h3&#8243; subheading=&#8221;You want to start with the Basic Coaching training? If so, please schedule a phone appointment for the initial consultation with one of our instructional coaches.&#8221; uncode_shortcode_id=&#8221;316576&#8243; text_color_type=&#8221;uncode-palette&#8221;]Phone appointments[\/vc_custom_heading][vc_empty_space empty_h=&#8221;1&#8243;][vc_button button_color=&#8221;color-156852&#8243; radius=&#8221;btn-circle&#8221; custom_typo=&#8221;yes&#8221; font_family=&#8221;font-134308&#8243; font_weight=&#8221;700&#8243; text_transform=&#8221;uppercase&#8221; border_width=&#8221;0&#8243; link=&#8221;url:https%3A%2F%2Fcalendly.com%2Fcoachingfortbildung|title:Contact|target:%20_blank|&#8221; icon=&#8221;fa fa-phone-handset&#8221; el_class=&#8221;button-style&#8221;]Select online appointment[\/vc_button][\/vc_column][vc_column column_width_percent=&#8221;100&#8243; gutter_size=&#8221;3&#8243; overlay_alpha=&#8221;50&#8243; shift_x=&#8221;0&#8243; shift_y=&#8221;0&#8243; shift_y_down=&#8221;0&#8243; z_index=&#8221;0&#8243; medium_width=&#8221;0&#8243; mobile_width=&#8221;0&#8243; css_animation=&#8221;bottom-t-top&#8221; width=&#8221;1\/2&#8243;][vc_raw_html]PGRpdiBzdHlsZT0id2lkdGg6IDEwMCUiPjxpZnJhbWUgd2lkdGg9IjEwMCUiIGhlaWdodD0iNDAwIiBzcmM9Imh0dHBzOi8vbWFwcy5nb29nbGUuY29tL21hcHM\/d2lkdGg9MTAwJSZhbXA7aGVpZ2h0PTUwMCZhbXA7aGw9ZW4mYW1wO2Nvb3JkPTUwLjA4NzA0NiwlMjA5LjA3MzAzNiZhbXA7cT1CdXJnc3RyYSVDMyU5RmUlMjAzJTIwNjM3NTUlMjBBbHplbmF1KyhJbnN0aXR1dCUyMEFsbXV0JTIwUHJvYnN0KSZhbXA7aWU9VVRGOCZhbXA7dD0mYW1wO3o9MTUmYW1wO2l3bG9jPUImYW1wO291dHB1dD1lbWJlZCIgZnJhbWVib3JkZXI9IjAiIHNjcm9sbGluZz0ibm8iIG1hcmdpbmhlaWdodD0iMCIgbWFyZ2lud2lkdGg9IjAiPjxhIGhyZWY9Imh0dHBzOi8vd3d3Lm1hcHMuaWUvZHJhdy1yYWRpdXMtY2lyY2xlLW1hcC8iPkdvb2dsZSBNYXBzIHJhZGl1cyBjYWxjdWxhdG9yPC9hPjwvaWZyYW1lPjwvZGl2Pjxicj4=[\/vc_raw_html][vc_accordion typography=&#8221;yes&#8221; gutter_simple=&#8221;0&#8243; uncode_shortcode_id=&#8221;180667&#8243;][vc_accordion_tab title=&#8221;Approach by car&#8221; tab_id=&#8221;1602585041-1-29&#8243;][vc_column_text uncode_shortcode_id=&#8221;118433&#8243;]<strong>Coming from the A3:<\/strong> At the Seligenst\u00e4dter Dreieck interchange, take the A45 toward Dortmund\/Gie\u00dfen, exit 44 Alzenau Nord. At the roundabout, take the exit in the direction of Alzenau Zentrum. Follow the road St2305 5.4 km and turn right on Burgstra\u00dfe. Turn off in the direction of Alzenau Zentrum. Follow the signs of the parking guidance system to the castle parking lot.<\/p>\n<p><strong>Coming from the A66:<\/strong> At the Hanauer Kreuz interchange, take the A45 toward Aschaffenburg, exit 44 Alzenau Nord. At the roundabout, take the first exit in the direction of Alzenau Zentrum. Follow the road St2305 for 5.4 km and turn right onto Burgstra\u00dfe towards Alzenau Zentrum. Follow the signs of the parking guidance system to the castle parking lot.[\/vc_column_text][\/vc_accordion_tab][vc_accordion_tab title=&#8221;Parking spaces&#8221; tab_id=&#8221;1602685002580-2-5&#8243;][vc_single_image media=&#8221;93478&#8243; media_width_percent=&#8221;100&#8243; alignment=&#8221;center&#8221; uncode_shortcode_id=&#8221;134172&#8243;][\/vc_accordion_tab][vc_accordion_tab title=&#8221;Arrival by public transport&#8221; tab_id=&#8221;1602585041-2-66&#8243;][vc_column_text uncode_shortcode_id=&#8221;185844&#8243;]<strong>By train from Frankfurt:<\/strong> By RB or RE towards Aschaffenburg\/ W\u00fcrzburg exit at Kahl am Main train station. Take the RB towards Sch\u00f6llkrippen (track 1) to Alzenau Burg. Then, it&#8217;s a 200 m walk to Burgstra\u00dfe 3<\/p>\n<p><strong>With the Alzenau City Bus:<\/strong> Take the bus from Kahl am Main train station to Alzenau bus station.[\/vc_column_text][\/vc_accordion_tab][\/vc_accordion][\/vc_column][\/vc_row]<\/p>\n<\/div>","protected":false},"excerpt":{"rendered":"<p>[vc_row row_height_percent=&#8221;40&#8243; override_padding=&#8221;yes&#8221; h_padding=&#8221;3&#8243; top_padding=&#8221;4&#8243; bottom_padding=&#8221;4&#8243; back_color=&#8221;color-401673&#8243; back_image=&#8221;83883&#8243; parallax=&#8221;yes&#8221; kburns=&#8221;zoom&#8221; overlay_color=&#8221;color-401673&#8243; overlay_alpha=&#8221;80&#8243; gutter_size=&#8221;3&#8243; column_width_percent=&#8221;100&#8243; shift_y=&#8221;0&#8243; z_index=&#8221;0&#8243;][vc_column column_width_use_pixel=&#8221;yes&#8221; align_horizontal=&#8221;align_center&#8221; gutter_size=&#8221;2&#8243; style=&#8221;dark&#8221; [&hellip;]<\/p>\n","protected":false},"author":1,"featured_media":0,"parent":89745,"menu_order":0,"comment_status":"closed","ping_status":"closed","template":"","meta":{"footnotes":""},"class_list":["post-89752","page","type-page","status-publish","hentry","page_category-about-en"],"yoast_head":"<!-- This site is optimized with the Yoast SEO plugin v27.4 - https:\/\/yoast.com\/product\/yoast-seo-wordpress\/ -->\n<title>Contact - WANDELPLAN Coaching in Frankfurt, Aschaffenburg und K\u00f6ln<\/title>\n<meta name=\"description\" content=\"Contact\" \/>\n<meta name=\"robots\" content=\"index, follow, max-snippet:-1, max-image-preview:large, max-video-preview:-1\" \/>\n<link rel=\"canonical\" href=\"https:\/\/wandelplan.com\/en\/about-us\/contact\/\" \/>\n<meta property=\"og:locale\" content=\"en_US\" \/>\n<meta property=\"og:type\" content=\"article\" \/>\n<meta property=\"og:title\" content=\"Contact - WANDELPLAN Coaching in Frankfurt, Aschaffenburg und K\u00f6ln\" \/>\n<meta property=\"og:description\" content=\"Contact\" \/>\n<meta property=\"og:url\" content=\"https:\/\/wandelplan.com\/en\/about-us\/contact\/\" \/>\n<meta property=\"og:site_name\" content=\"WANDELPLAN Coaching in Frankfurt, Aschaffenburg und K\u00f6ln\" \/>\n<meta property=\"article:modified_time\" content=\"2025-11-24T20:15:51+00:00\" \/>\n<meta name=\"twitter:card\" content=\"summary_large_image\" \/>\n<meta name=\"twitter:label1\" content=\"Est. reading time\" \/>\n\t<meta name=\"twitter:data1\" content=\"2 minutes\" \/>\n<script type=\"application\/ld+json\" class=\"yoast-schema-graph\">{\"@context\":\"https:\\\/\\\/schema.org\",\"@graph\":[{\"@type\":\"WebPage\",\"@id\":\"https:\\\/\\\/wandelplan.com\\\/en\\\/about-us\\\/contact\\\/\",\"url\":\"https:\\\/\\\/wandelplan.com\\\/en\\\/about-us\\\/contact\\\/\",\"name\":\"Contact - WANDELPLAN Coaching in Frankfurt, Aschaffenburg und K\u00f6ln\",\"isPartOf\":{\"@id\":\"https:\\\/\\\/kunden.holzer.work\\\/wandelplan\\\/en\\\/#website\"},\"datePublished\":\"2020-04-30T13:09:15+00:00\",\"dateModified\":\"2025-11-24T20:15:51+00:00\",\"description\":\"Contact\",\"breadcrumb\":{\"@id\":\"https:\\\/\\\/wandelplan.com\\\/en\\\/about-us\\\/contact\\\/#breadcrumb\"},\"inLanguage\":\"en-US\",\"potentialAction\":[{\"@type\":\"ReadAction\",\"target\":[\"https:\\\/\\\/wandelplan.com\\\/en\\\/about-us\\\/contact\\\/\"]}]},{\"@type\":\"BreadcrumbList\",\"@id\":\"https:\\\/\\\/wandelplan.com\\\/en\\\/about-us\\\/contact\\\/#breadcrumb\",\"itemListElement\":[{\"@type\":\"ListItem\",\"position\":1,\"name\":\"Startseite\",\"item\":\"https:\\\/\\\/wandelplan.com\\\/en\\\/homepage\\\/\"},{\"@type\":\"ListItem\",\"position\":2,\"name\":\"About us\",\"item\":\"https:\\\/\\\/wandelplan.com\\\/en\\\/about-us\\\/\"},{\"@type\":\"ListItem\",\"position\":3,\"name\":\"Contact\"}]},{\"@type\":\"WebSite\",\"@id\":\"https:\\\/\\\/kunden.holzer.work\\\/wandelplan\\\/en\\\/#website\",\"url\":\"https:\\\/\\\/kunden.holzer.work\\\/wandelplan\\\/en\\\/\",\"name\":\"WANDELPLAN Coaching im Raum Frankfurt, Aschaffenburg und K\u00f6ln\",\"description\":\"Wirken. Wachsen. Werden.\",\"publisher\":{\"@id\":\"https:\\\/\\\/kunden.holzer.work\\\/wandelplan\\\/en\\\/#organization\"},\"alternateName\":\"WANDELPLAN\",\"potentialAction\":[{\"@type\":\"SearchAction\",\"target\":{\"@type\":\"EntryPoint\",\"urlTemplate\":\"https:\\\/\\\/kunden.holzer.work\\\/wandelplan\\\/en\\\/?s={search_term_string}\"},\"query-input\":{\"@type\":\"PropertyValueSpecification\",\"valueRequired\":true,\"valueName\":\"search_term_string\"}}],\"inLanguage\":\"en-US\"},{\"@type\":\"Organization\",\"@id\":\"https:\\\/\\\/kunden.holzer.work\\\/wandelplan\\\/en\\\/#organization\",\"name\":\"WANDELPLAN\",\"url\":\"https:\\\/\\\/kunden.holzer.work\\\/wandelplan\\\/en\\\/\",\"logo\":{\"@type\":\"ImageObject\",\"inLanguage\":\"en-US\",\"@id\":\"https:\\\/\\\/kunden.holzer.work\\\/wandelplan\\\/en\\\/#\\\/schema\\\/logo\\\/image\\\/\",\"url\":\"https:\\\/\\\/wandelplan.com\\\/wp-content\\\/uploads\\\/2020\\\/06\\\/logo-2.png\",\"contentUrl\":\"https:\\\/\\\/wandelplan.com\\\/wp-content\\\/uploads\\\/2020\\\/06\\\/logo-2.png\",\"width\":500,\"height\":190,\"caption\":\"WANDELPLAN\"},\"image\":{\"@id\":\"https:\\\/\\\/kunden.holzer.work\\\/wandelplan\\\/en\\\/#\\\/schema\\\/logo\\\/image\\\/\"}}]}<\/script>\n<!-- \/ Yoast SEO plugin. -->","yoast_head_json":{"title":"Contact - WANDELPLAN Coaching in Frankfurt, Aschaffenburg und K\u00f6ln","description":"Contact","robots":{"index":"index","follow":"follow","max-snippet":"max-snippet:-1","max-image-preview":"max-image-preview:large","max-video-preview":"max-video-preview:-1"},"canonical":"https:\/\/wandelplan.com\/en\/about-us\/contact\/","og_locale":"en_US","og_type":"article","og_title":"Contact - WANDELPLAN Coaching in Frankfurt, Aschaffenburg und K\u00f6ln","og_description":"Contact","og_url":"https:\/\/wandelplan.com\/en\/about-us\/contact\/","og_site_name":"WANDELPLAN Coaching in Frankfurt, Aschaffenburg und K\u00f6ln","article_modified_time":"2025-11-24T20:15:51+00:00","twitter_card":"summary_large_image","twitter_misc":{"Est. reading time":"2 minutes"},"schema":{"@context":"https:\/\/schema.org","@graph":[{"@type":"WebPage","@id":"https:\/\/wandelplan.com\/en\/about-us\/contact\/","url":"https:\/\/wandelplan.com\/en\/about-us\/contact\/","name":"Contact - WANDELPLAN Coaching in Frankfurt, Aschaffenburg und K\u00f6ln","isPartOf":{"@id":"https:\/\/kunden.holzer.work\/wandelplan\/en\/#website"},"datePublished":"2020-04-30T13:09:15+00:00","dateModified":"2025-11-24T20:15:51+00:00","description":"Contact","breadcrumb":{"@id":"https:\/\/wandelplan.com\/en\/about-us\/contact\/#breadcrumb"},"inLanguage":"en-US","potentialAction":[{"@type":"ReadAction","target":["https:\/\/wandelplan.com\/en\/about-us\/contact\/"]}]},{"@type":"BreadcrumbList","@id":"https:\/\/wandelplan.com\/en\/about-us\/contact\/#breadcrumb","itemListElement":[{"@type":"ListItem","position":1,"name":"Startseite","item":"https:\/\/wandelplan.com\/en\/homepage\/"},{"@type":"ListItem","position":2,"name":"About us","item":"https:\/\/wandelplan.com\/en\/about-us\/"},{"@type":"ListItem","position":3,"name":"Contact"}]},{"@type":"WebSite","@id":"https:\/\/kunden.holzer.work\/wandelplan\/en\/#website","url":"https:\/\/kunden.holzer.work\/wandelplan\/en\/","name":"WANDELPLAN Coaching im Raum Frankfurt, Aschaffenburg und K\u00f6ln","description":"Wirken. Wachsen. Werden.","publisher":{"@id":"https:\/\/kunden.holzer.work\/wandelplan\/en\/#organization"},"alternateName":"WANDELPLAN","potentialAction":[{"@type":"SearchAction","target":{"@type":"EntryPoint","urlTemplate":"https:\/\/kunden.holzer.work\/wandelplan\/en\/?s={search_term_string}"},"query-input":{"@type":"PropertyValueSpecification","valueRequired":true,"valueName":"search_term_string"}}],"inLanguage":"en-US"},{"@type":"Organization","@id":"https:\/\/kunden.holzer.work\/wandelplan\/en\/#organization","name":"WANDELPLAN","url":"https:\/\/kunden.holzer.work\/wandelplan\/en\/","logo":{"@type":"ImageObject","inLanguage":"en-US","@id":"https:\/\/kunden.holzer.work\/wandelplan\/en\/#\/schema\/logo\/image\/","url":"https:\/\/wandelplan.com\/wp-content\/uploads\/2020\/06\/logo-2.png","contentUrl":"https:\/\/wandelplan.com\/wp-content\/uploads\/2020\/06\/logo-2.png","width":500,"height":190,"caption":"WANDELPLAN"},"image":{"@id":"https:\/\/kunden.holzer.work\/wandelplan\/en\/#\/schema\/logo\/image\/"}}]}},"_links":{"self":[{"href":"https:\/\/wandelplan.com\/en\/wp-json\/wp\/v2\/pages\/89752","targetHints":{"allow":["GET"]}}],"collection":[{"href":"https:\/\/wandelplan.com\/en\/wp-json\/wp\/v2\/pages"}],"about":[{"href":"https:\/\/wandelplan.com\/en\/wp-json\/wp\/v2\/types\/page"}],"author":[{"embeddable":true,"href":"https:\/\/wandelplan.com\/en\/wp-json\/wp\/v2\/users\/1"}],"replies":[{"embeddable":true,"href":"https:\/\/wandelplan.com\/en\/wp-json\/wp\/v2\/comments?post=89752"}],"version-history":[{"count":7,"href":"https:\/\/wandelplan.com\/en\/wp-json\/wp\/v2\/pages\/89752\/revisions"}],"predecessor-version":[{"id":93479,"href":"https:\/\/wandelplan.com\/en\/wp-json\/wp\/v2\/pages\/89752\/revisions\/93479"}],"up":[{"embeddable":true,"href":"https:\/\/wandelplan.com\/en\/wp-json\/wp\/v2\/pages\/89745"}],"wp:attachment":[{"href":"https:\/\/wandelplan.com\/en\/wp-json\/wp\/v2\/media?parent=89752"}],"curies":[{"name":"wp","href":"https:\/\/api.w.org\/{rel}","templated":true}]}}